{"id":5,"date":"2023-01-12T10:05:38","date_gmt":"2023-01-12T10:05:38","guid":{"rendered":"https:\/\/landingp-monte-turri.ms.decms.eu\/?page_id=5"},"modified":"2023-06-10T14:13:05","modified_gmt":"2023-06-10T14:13:05","slug":"monte-turri","status":"publish","type":"page","link":"https:\/\/www.monteturri.com\/de\/","title":{"rendered":"Monte Turri"},"content":{"rendered":"<p>Das Hotel Monte Turri befindet sich auf dem h\u00f6chsten Punkt des H\u00fcgels Capo Bellavista. Es wurde entworfen und gebaut, um Sch\u00f6nheit und Authentizit\u00e4t in Einklang zu bringen.<\/p>\n<p>Seine Eleganz wird durch die herrlichen Terrassen mit Blick auf das Meer, wo man <strong>die K\u00fcste von Ogliastra<\/strong> von einem sehr beeindruckenden und atemberaubenden Panorama bewundern kann, magisch gemacht.<\/p>\n<p>Das Hotel Monte Turri ist perfekt f\u00fcr diejenigen, die einen Urlaub in einer perfekten ruhigen und entspannenden Atmosph\u00e4re mit Eleganz und Komfort nur f\u00fcr <strong>Paare und Erwachsene genie\u00dfen und erleben m\u00f6chten<\/strong>.<\/p>\n","protected":false},"excerpt":{"rendered":"<p>Das Hotel Monte Turri befindet sich auf dem h\u00f6chsten Punkt des H\u00fcgels Capo Bellavista. Es wurde entworfen und gebaut, um Sch\u00f6nheit und Authentizit\u00e4t in Einklang zu bringen. Seine Eleganz wird durch die herrlichen Terrassen mit Blick auf das Meer, wo man die K\u00fcste von Ogliastra von einem sehr beeindruckenden und atemberaubenden Panorama bewundern kann, magisch [&hellip;]<\/p>\n","protected":false},"author":7,"featured_media":0,"parent":0,"menu_order":0,"comment_status":"closed","ping_status":"closed","template":"","meta":{"footnotes":""},"class_list":["post-5","page","type-page","status-publish","hentry"],"yoast_head":"<!-- This site is optimized with the Yoast SEO plugin v26.9 - https:\/\/yoast.com\/product\/yoast-seo-wordpress\/ -->\n<title>Monte Turri &#8211; Monte Turri Arbatax &#8211;<\/title>\n<meta name=\"description\" content=\"Das Hotel Monte Turri befindet sich auf dem h\u00f6chsten Punkt des H\u00fcgels Capo Bellavista. Es wurde entworfen und gebaut, um Sch\u00f6nheit und Authentizit\u00e4t in Einklang zu bringen.  Seine Eleganz wird durch die herrlichen Terrassen mit Blick auf das Meer, wo man die K\u00fcste von Ogliastra von einem sehr beeindruckenden und atemberaubenden Panorama bewundern kann, magisch gemacht.  Das Hotel Monte Turri ist perfekt f\u00fcr diejenigen, die einen Urlaub in einer perfekten ruhigen und entspannenden Atmosph\u00e4re mit Eleganz und Komfort nur f\u00fcr Paare und Erwachsene genie\u00dfen und erleben m\u00f6chten.\" \/>\n<meta name=\"robots\" content=\"index, follow, max-snippet:-1, max-image-preview:large, max-video-preview:-1\" \/>\n<link rel=\"canonical\" href=\"https:\/\/www.monteturri.com\/de\/\" \/>\n<meta property=\"og:locale\" content=\"de_DE\" \/>\n<meta property=\"og:type\" content=\"article\" \/>\n<meta property=\"og:title\" content=\"Monte Turri &#8211; Monte Turri Arbatax &#8211;\" \/>\n<meta property=\"og:description\" content=\"Das Hotel Monte Turri befindet sich auf dem h\u00f6chsten Punkt des H\u00fcgels Capo Bellavista. Es wurde entworfen und gebaut, um Sch\u00f6nheit und Authentizit\u00e4t in Einklang zu bringen.  Seine Eleganz wird durch die herrlichen Terrassen mit Blick auf das Meer, wo man die K\u00fcste von Ogliastra von einem sehr beeindruckenden und atemberaubenden Panorama bewundern kann, magisch gemacht.  Das Hotel Monte Turri ist perfekt f\u00fcr diejenigen, die einen Urlaub in einer perfekten ruhigen und entspannenden Atmosph\u00e4re mit Eleganz und Komfort nur f\u00fcr Paare und Erwachsene genie\u00dfen und erleben m\u00f6chten.\" \/>\n<meta property=\"og:url\" content=\"https:\/\/www.monteturri.com\/de\/\" \/>\n<meta property=\"og:site_name\" content=\"Monte Turri Arbatax\" \/>\n<meta property=\"article:modified_time\" content=\"2023-06-10T14:13:05+00:00\" \/>\n<meta name=\"twitter:card\" content=\"summary_large_image\" \/>\n<meta name=\"twitter:label1\" content=\"Gesch\u00e4tzte Lesezeit\" \/>\n\t<meta name=\"twitter:data1\" content=\"1 Minute\" \/>\n<script type=\"application\/ld+json\" class=\"yoast-schema-graph\">{\"@context\":\"https:\/\/schema.org\",\"@graph\":[{\"@type\":\"WebPage\",\"@id\":\"https:\/\/www.monteturri.com\/de\/\",\"url\":\"https:\/\/www.monteturri.com\/de\/\",\"name\":\"Monte Turri &#8211; Monte Turri Arbatax &#8211;\",\"isPartOf\":{\"@id\":\"https:\/\/www.monteturri.com\/de\/#website\"},\"datePublished\":\"2023-01-12T10:05:38+00:00\",\"dateModified\":\"2023-06-10T14:13:05+00:00\",\"description\":\"Das Hotel Monte Turri befindet sich auf dem h\u00f6chsten Punkt des H\u00fcgels Capo Bellavista. Es wurde entworfen und gebaut, um Sch\u00f6nheit und Authentizit\u00e4t in Einklang zu bringen. Seine Eleganz wird durch die herrlichen Terrassen mit Blick auf das Meer, wo man die K\u00fcste von Ogliastra von einem sehr beeindruckenden und atemberaubenden Panorama bewundern kann, magisch gemacht. Das Hotel Monte Turri ist perfekt f\u00fcr diejenigen, die einen Urlaub in einer perfekten ruhigen und entspannenden Atmosph\u00e4re mit Eleganz und Komfort nur f\u00fcr Paare und Erwachsene genie\u00dfen und erleben m\u00f6chten.\",\"breadcrumb\":{\"@id\":\"https:\/\/www.monteturri.com\/de\/#breadcrumb\"},\"inLanguage\":\"de-DE\",\"potentialAction\":[{\"@type\":\"ReadAction\",\"target\":[\"https:\/\/www.monteturri.com\/de\/\"]}]},{\"@type\":\"BreadcrumbList\",\"@id\":\"https:\/\/www.monteturri.com\/de\/#breadcrumb\",\"itemListElement\":[{\"@type\":\"ListItem\",\"position\":1,\"name\":\"Home\",\"item\":\"https:\/\/www.monteturri.com\/de\/\"},{\"@type\":\"ListItem\",\"position\":2,\"name\":\"Monte Turri\"}]},{\"@type\":\"WebSite\",\"@id\":\"https:\/\/www.monteturri.com\/de\/#website\",\"url\":\"https:\/\/www.monteturri.com\/de\/\",\"name\":\"Monte Turri Arbatax\",\"description\":\"\",\"potentialAction\":[{\"@type\":\"SearchAction\",\"target\":{\"@type\":\"EntryPoint\",\"urlTemplate\":\"https:\/\/www.monteturri.com\/de\/?s={search_term_string}\"},\"query-input\":{\"@type\":\"PropertyValueSpecification\",\"valueRequired\":true,\"valueName\":\"search_term_string\"}}],\"inLanguage\":\"de-DE\"}]}<\/script>\n<!-- \/ Yoast SEO plugin. -->","yoast_head_json":{"title":"Monte Turri &#8211; Monte Turri Arbatax &#8211;","description":"Das Hotel Monte Turri befindet sich auf dem h\u00f6chsten Punkt des H\u00fcgels Capo Bellavista. Es wurde entworfen und gebaut, um Sch\u00f6nheit und Authentizit\u00e4t in Einklang zu bringen.  Seine Eleganz wird durch die herrlichen Terrassen mit Blick auf das Meer, wo man die K\u00fcste von Ogliastra von einem sehr beeindruckenden und atemberaubenden Panorama bewundern kann, magisch gemacht.  Das Hotel Monte Turri ist perfekt f\u00fcr diejenigen, die einen Urlaub in einer perfekten ruhigen und entspannenden Atmosph\u00e4re mit Eleganz und Komfort nur f\u00fcr Paare und Erwachsene genie\u00dfen und erleben m\u00f6chten.","robots":{"index":"index","follow":"follow","max-snippet":"max-snippet:-1","max-image-preview":"max-image-preview:large","max-video-preview":"max-video-preview:-1"},"canonical":"https:\/\/www.monteturri.com\/de\/","og_locale":"de_DE","og_type":"article","og_title":"Monte Turri &#8211; Monte Turri Arbatax &#8211;","og_description":"Das Hotel Monte Turri befindet sich auf dem h\u00f6chsten Punkt des H\u00fcgels Capo Bellavista. Es wurde entworfen und gebaut, um Sch\u00f6nheit und Authentizit\u00e4t in Einklang zu bringen.  Seine Eleganz wird durch die herrlichen Terrassen mit Blick auf das Meer, wo man die K\u00fcste von Ogliastra von einem sehr beeindruckenden und atemberaubenden Panorama bewundern kann, magisch gemacht.  Das Hotel Monte Turri ist perfekt f\u00fcr diejenigen, die einen Urlaub in einer perfekten ruhigen und entspannenden Atmosph\u00e4re mit Eleganz und Komfort nur f\u00fcr Paare und Erwachsene genie\u00dfen und erleben m\u00f6chten.","og_url":"https:\/\/www.monteturri.com\/de\/","og_site_name":"Monte Turri Arbatax","article_modified_time":"2023-06-10T14:13:05+00:00","twitter_card":"summary_large_image","twitter_misc":{"Gesch\u00e4tzte Lesezeit":"1 Minute"},"schema":{"@context":"https:\/\/schema.org","@graph":[{"@type":"WebPage","@id":"https:\/\/www.monteturri.com\/de\/","url":"https:\/\/www.monteturri.com\/de\/","name":"Monte Turri &#8211; Monte Turri Arbatax &#8211;","isPartOf":{"@id":"https:\/\/www.monteturri.com\/de\/#website"},"datePublished":"2023-01-12T10:05:38+00:00","dateModified":"2023-06-10T14:13:05+00:00","description":"Das Hotel Monte Turri befindet sich auf dem h\u00f6chsten Punkt des H\u00fcgels Capo Bellavista. Es wurde entworfen und gebaut, um Sch\u00f6nheit und Authentizit\u00e4t in Einklang zu bringen. Seine Eleganz wird durch die herrlichen Terrassen mit Blick auf das Meer, wo man die K\u00fcste von Ogliastra von einem sehr beeindruckenden und atemberaubenden Panorama bewundern kann, magisch gemacht. Das Hotel Monte Turri ist perfekt f\u00fcr diejenigen, die einen Urlaub in einer perfekten ruhigen und entspannenden Atmosph\u00e4re mit Eleganz und Komfort nur f\u00fcr Paare und Erwachsene genie\u00dfen und erleben m\u00f6chten.","breadcrumb":{"@id":"https:\/\/www.monteturri.com\/de\/#breadcrumb"},"inLanguage":"de-DE","potentialAction":[{"@type":"ReadAction","target":["https:\/\/www.monteturri.com\/de\/"]}]},{"@type":"BreadcrumbList","@id":"https:\/\/www.monteturri.com\/de\/#breadcrumb","itemListElement":[{"@type":"ListItem","position":1,"name":"Home","item":"https:\/\/www.monteturri.com\/de\/"},{"@type":"ListItem","position":2,"name":"Monte Turri"}]},{"@type":"WebSite","@id":"https:\/\/www.monteturri.com\/de\/#website","url":"https:\/\/www.monteturri.com\/de\/","name":"Monte Turri Arbatax","description":"","potentialAction":[{"@type":"SearchAction","target":{"@type":"EntryPoint","urlTemplate":"https:\/\/www.monteturri.com\/de\/?s={search_term_string}"},"query-input":{"@type":"PropertyValueSpecification","valueRequired":true,"valueName":"search_term_string"}}],"inLanguage":"de-DE"}]}},"acf":[],"_links":{"self":[{"href":"https:\/\/www.monteturri.com\/de\/wp-json\/wp\/v2\/pages\/5","targetHints":{"allow":["GET"]}}],"collection":[{"href":"https:\/\/www.monteturri.com\/de\/wp-json\/wp\/v2\/pages"}],"about":[{"href":"https:\/\/www.monteturri.com\/de\/wp-json\/wp\/v2\/types\/page"}],"author":[{"embeddable":true,"href":"https:\/\/www.monteturri.com\/de\/wp-json\/wp\/v2\/users\/7"}],"replies":[{"embeddable":true,"href":"https:\/\/www.monteturri.com\/de\/wp-json\/wp\/v2\/comments?post=5"}],"version-history":[{"count":0,"href":"https:\/\/www.monteturri.com\/de\/wp-json\/wp\/v2\/pages\/5\/revisions"}],"wp:attachment":[{"href":"https:\/\/www.monteturri.com\/de\/wp-json\/wp\/v2\/media?parent=5"}],"curies":[{"name":"wp","href":"https:\/\/api.w.org\/{rel}","templated":true}]}}