{"id":6,"date":"2023-01-12T10:05:41","date_gmt":"2023-01-12T10:05:41","guid":{"rendered":"https:\/\/landingp-monte-turri.ms.decms.eu\/?page_id=6"},"modified":"2023-06-10T14:13:50","modified_gmt":"2023-06-10T14:13:50","slug":"monte-turri","status":"publish","type":"page","link":"https:\/\/www.monteturri.com\/es\/","title":{"rendered":"Monte Turri"},"content":{"rendered":"<p>El Hotel Monte Turri est\u00e1 situado en el extremo m\u00e1s alto de la colina de <strong>Capo Bellavista<\/strong>. Est\u00e1 dise\u00f1ado y construido para conciliar belleza y autenticidad.<\/p>\n<p>Su elegancia se hace m\u00e1gica gracias a sus magn\u00edficas terrazas con vistas al mar, desde donde se puede admirar <strong>la costa de Ogliastra<\/strong> desde un panorama impresionante y sobrecogedor.<\/p>\n<p>El Hotel Monte Turri es perfecto para quienes deseen disfrutar y vivir unas vacaciones en un perfecto ambiente silencioso y relajante, con elegancia y confort, hecho a medida <strong>para parejas y s\u00f3lo adultos<\/strong>.<\/p>\n","protected":false},"excerpt":{"rendered":"<p>El Hotel Monte Turri est\u00e1 situado en el extremo m\u00e1s alto de la colina de Capo Bellavista. Est\u00e1 dise\u00f1ado y construido para conciliar belleza y autenticidad. Su elegancia se hace m\u00e1gica gracias a sus magn\u00edficas terrazas con vistas al mar, desde donde se puede admirar la costa de Ogliastra desde un panorama impresionante y sobrecogedor. [&hellip;]<\/p>\n","protected":false},"author":7,"featured_media":0,"parent":0,"menu_order":0,"comment_status":"closed","ping_status":"closed","template":"","meta":{"footnotes":""},"class_list":["post-6","page","type-page","status-publish","hentry"],"yoast_head":"<!-- This site is optimized with the Yoast SEO plugin v26.9 - https:\/\/yoast.com\/product\/yoast-seo-wordpress\/ -->\n<title>Monte Turri &#8211; Monte Turri Arbatax &#8211;<\/title>\n<meta name=\"description\" content=\"El Hotel Monte Turri est\u00e1 situado en el extremo m\u00e1s alto de la colina de Capo Bellavista. Est\u00e1 dise\u00f1ado y construido para conciliar belleza y autenticidad.  Su elegancia se hace m\u00e1gica gracias a sus magn\u00edficas terrazas con vistas al mar, desde donde se puede admirar la costa de Ogliastra desde un panorama impresionante y sobrecogedor.  El Hotel Monte Turri es perfecto para quienes deseen disfrutar y vivir unas vacaciones en un perfecto ambiente silencioso y relajante, con elegancia y confort, hecho a medida para parejas y s\u00f3lo adultos.\" \/>\n<meta name=\"robots\" content=\"index, follow, max-snippet:-1, max-image-preview:large, max-video-preview:-1\" \/>\n<link rel=\"canonical\" href=\"https:\/\/www.monteturri.com\/es\/\" \/>\n<meta property=\"og:locale\" content=\"es_ES\" \/>\n<meta property=\"og:type\" content=\"article\" \/>\n<meta property=\"og:title\" content=\"Monte Turri &#8211; Monte Turri Arbatax &#8211;\" \/>\n<meta property=\"og:description\" content=\"El Hotel Monte Turri est\u00e1 situado en el extremo m\u00e1s alto de la colina de Capo Bellavista. Est\u00e1 dise\u00f1ado y construido para conciliar belleza y autenticidad.  Su elegancia se hace m\u00e1gica gracias a sus magn\u00edficas terrazas con vistas al mar, desde donde se puede admirar la costa de Ogliastra desde un panorama impresionante y sobrecogedor.  El Hotel Monte Turri es perfecto para quienes deseen disfrutar y vivir unas vacaciones en un perfecto ambiente silencioso y relajante, con elegancia y confort, hecho a medida para parejas y s\u00f3lo adultos.\" \/>\n<meta property=\"og:url\" content=\"https:\/\/www.monteturri.com\/es\/\" \/>\n<meta property=\"og:site_name\" content=\"Monte Turri Arbatax\" \/>\n<meta property=\"article:modified_time\" content=\"2023-06-10T14:13:50+00:00\" \/>\n<meta name=\"twitter:card\" content=\"summary_large_image\" \/>\n<meta name=\"twitter:label1\" content=\"Tiempo de lectura\" \/>\n\t<meta name=\"twitter:data1\" content=\"1 minuto\" \/>\n<script type=\"application\/ld+json\" class=\"yoast-schema-graph\">{\"@context\":\"https:\/\/schema.org\",\"@graph\":[{\"@type\":\"WebPage\",\"@id\":\"https:\/\/www.monteturri.com\/es\/\",\"url\":\"https:\/\/www.monteturri.com\/es\/\",\"name\":\"Monte Turri &#8211; Monte Turri Arbatax &#8211;\",\"isPartOf\":{\"@id\":\"https:\/\/www.monteturri.com\/es\/#website\"},\"datePublished\":\"2023-01-12T10:05:41+00:00\",\"dateModified\":\"2023-06-10T14:13:50+00:00\",\"description\":\"El Hotel Monte Turri est\u00e1 situado en el extremo m\u00e1s alto de la colina de Capo Bellavista. Est\u00e1 dise\u00f1ado y construido para conciliar belleza y autenticidad. Su elegancia se hace m\u00e1gica gracias a sus magn\u00edficas terrazas con vistas al mar, desde donde se puede admirar la costa de Ogliastra desde un panorama impresionante y sobrecogedor. El Hotel Monte Turri es perfecto para quienes deseen disfrutar y vivir unas vacaciones en un perfecto ambiente silencioso y relajante, con elegancia y confort, hecho a medida para parejas y s\u00f3lo adultos.\",\"breadcrumb\":{\"@id\":\"https:\/\/www.monteturri.com\/es\/#breadcrumb\"},\"inLanguage\":\"es\",\"potentialAction\":[{\"@type\":\"ReadAction\",\"target\":[\"https:\/\/www.monteturri.com\/es\/\"]}]},{\"@type\":\"BreadcrumbList\",\"@id\":\"https:\/\/www.monteturri.com\/es\/#breadcrumb\",\"itemListElement\":[{\"@type\":\"ListItem\",\"position\":1,\"name\":\"Home\",\"item\":\"https:\/\/www.monteturri.com\/es\/\"},{\"@type\":\"ListItem\",\"position\":2,\"name\":\"Monte Turri\"}]},{\"@type\":\"WebSite\",\"@id\":\"https:\/\/www.monteturri.com\/es\/#website\",\"url\":\"https:\/\/www.monteturri.com\/es\/\",\"name\":\"Monte Turri Arbatax\",\"description\":\"\",\"potentialAction\":[{\"@type\":\"SearchAction\",\"target\":{\"@type\":\"EntryPoint\",\"urlTemplate\":\"https:\/\/www.monteturri.com\/es\/?s={search_term_string}\"},\"query-input\":{\"@type\":\"PropertyValueSpecification\",\"valueRequired\":true,\"valueName\":\"search_term_string\"}}],\"inLanguage\":\"es\"}]}<\/script>\n<!-- \/ Yoast SEO plugin. -->","yoast_head_json":{"title":"Monte Turri &#8211; Monte Turri Arbatax &#8211;","description":"El Hotel Monte Turri est\u00e1 situado en el extremo m\u00e1s alto de la colina de Capo Bellavista. Est\u00e1 dise\u00f1ado y construido para conciliar belleza y autenticidad.  Su elegancia se hace m\u00e1gica gracias a sus magn\u00edficas terrazas con vistas al mar, desde donde se puede admirar la costa de Ogliastra desde un panorama impresionante y sobrecogedor.  El Hotel Monte Turri es perfecto para quienes deseen disfrutar y vivir unas vacaciones en un perfecto ambiente silencioso y relajante, con elegancia y confort, hecho a medida para parejas y s\u00f3lo adultos.","robots":{"index":"index","follow":"follow","max-snippet":"max-snippet:-1","max-image-preview":"max-image-preview:large","max-video-preview":"max-video-preview:-1"},"canonical":"https:\/\/www.monteturri.com\/es\/","og_locale":"es_ES","og_type":"article","og_title":"Monte Turri &#8211; Monte Turri Arbatax &#8211;","og_description":"El Hotel Monte Turri est\u00e1 situado en el extremo m\u00e1s alto de la colina de Capo Bellavista. Est\u00e1 dise\u00f1ado y construido para conciliar belleza y autenticidad.  Su elegancia se hace m\u00e1gica gracias a sus magn\u00edficas terrazas con vistas al mar, desde donde se puede admirar la costa de Ogliastra desde un panorama impresionante y sobrecogedor.  El Hotel Monte Turri es perfecto para quienes deseen disfrutar y vivir unas vacaciones en un perfecto ambiente silencioso y relajante, con elegancia y confort, hecho a medida para parejas y s\u00f3lo adultos.","og_url":"https:\/\/www.monteturri.com\/es\/","og_site_name":"Monte Turri Arbatax","article_modified_time":"2023-06-10T14:13:50+00:00","twitter_card":"summary_large_image","twitter_misc":{"Tiempo de lectura":"1 minuto"},"schema":{"@context":"https:\/\/schema.org","@graph":[{"@type":"WebPage","@id":"https:\/\/www.monteturri.com\/es\/","url":"https:\/\/www.monteturri.com\/es\/","name":"Monte Turri &#8211; Monte Turri Arbatax &#8211;","isPartOf":{"@id":"https:\/\/www.monteturri.com\/es\/#website"},"datePublished":"2023-01-12T10:05:41+00:00","dateModified":"2023-06-10T14:13:50+00:00","description":"El Hotel Monte Turri est\u00e1 situado en el extremo m\u00e1s alto de la colina de Capo Bellavista. Est\u00e1 dise\u00f1ado y construido para conciliar belleza y autenticidad. Su elegancia se hace m\u00e1gica gracias a sus magn\u00edficas terrazas con vistas al mar, desde donde se puede admirar la costa de Ogliastra desde un panorama impresionante y sobrecogedor. El Hotel Monte Turri es perfecto para quienes deseen disfrutar y vivir unas vacaciones en un perfecto ambiente silencioso y relajante, con elegancia y confort, hecho a medida para parejas y s\u00f3lo adultos.","breadcrumb":{"@id":"https:\/\/www.monteturri.com\/es\/#breadcrumb"},"inLanguage":"es","potentialAction":[{"@type":"ReadAction","target":["https:\/\/www.monteturri.com\/es\/"]}]},{"@type":"BreadcrumbList","@id":"https:\/\/www.monteturri.com\/es\/#breadcrumb","itemListElement":[{"@type":"ListItem","position":1,"name":"Home","item":"https:\/\/www.monteturri.com\/es\/"},{"@type":"ListItem","position":2,"name":"Monte Turri"}]},{"@type":"WebSite","@id":"https:\/\/www.monteturri.com\/es\/#website","url":"https:\/\/www.monteturri.com\/es\/","name":"Monte Turri Arbatax","description":"","potentialAction":[{"@type":"SearchAction","target":{"@type":"EntryPoint","urlTemplate":"https:\/\/www.monteturri.com\/es\/?s={search_term_string}"},"query-input":{"@type":"PropertyValueSpecification","valueRequired":true,"valueName":"search_term_string"}}],"inLanguage":"es"}]}},"acf":[],"_links":{"self":[{"href":"https:\/\/www.monteturri.com\/es\/wp-json\/wp\/v2\/pages\/6","targetHints":{"allow":["GET"]}}],"collection":[{"href":"https:\/\/www.monteturri.com\/es\/wp-json\/wp\/v2\/pages"}],"about":[{"href":"https:\/\/www.monteturri.com\/es\/wp-json\/wp\/v2\/types\/page"}],"author":[{"embeddable":true,"href":"https:\/\/www.monteturri.com\/es\/wp-json\/wp\/v2\/users\/7"}],"replies":[{"embeddable":true,"href":"https:\/\/www.monteturri.com\/es\/wp-json\/wp\/v2\/comments?post=6"}],"version-history":[{"count":0,"href":"https:\/\/www.monteturri.com\/es\/wp-json\/wp\/v2\/pages\/6\/revisions"}],"wp:attachment":[{"href":"https:\/\/www.monteturri.com\/es\/wp-json\/wp\/v2\/media?parent=6"}],"curies":[{"name":"wp","href":"https:\/\/api.w.org\/{rel}","templated":true}]}}