{"id":4,"date":"2023-01-12T10:05:34","date_gmt":"2023-01-12T10:05:34","guid":{"rendered":"https:\/\/landingp-monte-turri.ms.decms.eu\/?page_id=4"},"modified":"2023-06-10T14:12:23","modified_gmt":"2023-06-10T14:12:23","slug":"monte-turri","status":"publish","type":"page","link":"https:\/\/www.monteturri.com\/fr\/","title":{"rendered":"Monte Turri"},"content":{"rendered":"<p>L&rsquo;h\u00f4tel Monte Turri est situ\u00e9 \u00e0 l&rsquo;extr\u00e9mit\u00e9 la plus \u00e9lev\u00e9e de la colline de Capo Bellavista.<\/p>\n<p>Il est con\u00e7u et construit pour concilier beaut\u00e9 et authenticit\u00e9.<\/p>\n<p>Son \u00e9l\u00e9gance est rendue magique par de magnifiques terrasses donnant sur la mer, d&rsquo;o\u00f9 vous pourrez admirer <strong>la c\u00f4te d&rsquo;Ogliastra<\/strong> depuis un panorama tr\u00e8s \u00e9tonnant et \u00e0 couper le souffle.<\/p>\n<p>L&rsquo;h\u00f4tel Monte Turri est parfait pour ceux qui souhaitent profiter et vivre des vacances dans une atmosph\u00e8re silencieuse et relaxante, avec \u00e9l\u00e9gance et confort, con\u00e7ue <strong>pour les couples et uniquement pour les adultes<\/strong>.<\/p>\n","protected":false},"excerpt":{"rendered":"<p>L&rsquo;h\u00f4tel Monte Turri est situ\u00e9 \u00e0 l&rsquo;extr\u00e9mit\u00e9 la plus \u00e9lev\u00e9e de la colline de Capo Bellavista. Il est con\u00e7u et construit pour concilier beaut\u00e9 et authenticit\u00e9. Son \u00e9l\u00e9gance est rendue magique par de magnifiques terrasses donnant sur la mer, d&rsquo;o\u00f9 vous pourrez admirer la c\u00f4te d&rsquo;Ogliastra depuis un panorama tr\u00e8s \u00e9tonnant et \u00e0 couper le [&hellip;]<\/p>\n","protected":false},"author":7,"featured_media":0,"parent":0,"menu_order":0,"comment_status":"closed","ping_status":"closed","template":"","meta":{"footnotes":""},"class_list":["post-4","page","type-page","status-publish","hentry"],"yoast_head":"<!-- This site is optimized with the Yoast SEO plugin v26.9 - https:\/\/yoast.com\/product\/yoast-seo-wordpress\/ -->\n<title>Monte Turri &#8211; Monte Turri Arbatax &#8211;<\/title>\n<meta name=\"description\" content=\"L&#039;h\u00f4tel Monte Turri est situ\u00e9 \u00e0 l&#039;extr\u00e9mit\u00e9 la plus \u00e9lev\u00e9e de la colline de Capo Bellavista.  Il est con\u00e7u et construit pour concilier beaut\u00e9 et authenticit\u00e9.  Son \u00e9l\u00e9gance est rendue magique par de magnifiques terrasses donnant sur la mer, d&#039;o\u00f9 vous pourrez admirer la c\u00f4te d&#039;Ogliastra depuis un panorama tr\u00e8s \u00e9tonnant et \u00e0 couper le souffle.  L&#039;h\u00f4tel Monte Turri est parfait pour ceux qui souhaitent profiter et vivre des vacances dans une atmosph\u00e8re silencieuse et relaxante, avec \u00e9l\u00e9gance et confort, con\u00e7ue pour les couples et uniquement pour les adultes..\" \/>\n<meta name=\"robots\" content=\"index, follow, max-snippet:-1, max-image-preview:large, max-video-preview:-1\" \/>\n<link rel=\"canonical\" href=\"https:\/\/www.monteturri.com\/fr\/\" \/>\n<meta property=\"og:locale\" content=\"fr_FR\" \/>\n<meta property=\"og:type\" content=\"article\" \/>\n<meta property=\"og:title\" content=\"Monte Turri &#8211; Monte Turri Arbatax &#8211;\" \/>\n<meta property=\"og:description\" content=\"L&#039;h\u00f4tel Monte Turri est situ\u00e9 \u00e0 l&#039;extr\u00e9mit\u00e9 la plus \u00e9lev\u00e9e de la colline de Capo Bellavista.  Il est con\u00e7u et construit pour concilier beaut\u00e9 et authenticit\u00e9.  Son \u00e9l\u00e9gance est rendue magique par de magnifiques terrasses donnant sur la mer, d&#039;o\u00f9 vous pourrez admirer la c\u00f4te d&#039;Ogliastra depuis un panorama tr\u00e8s \u00e9tonnant et \u00e0 couper le souffle.  L&#039;h\u00f4tel Monte Turri est parfait pour ceux qui souhaitent profiter et vivre des vacances dans une atmosph\u00e8re silencieuse et relaxante, avec \u00e9l\u00e9gance et confort, con\u00e7ue pour les couples et uniquement pour les adultes..\" \/>\n<meta property=\"og:url\" content=\"https:\/\/www.monteturri.com\/fr\/\" \/>\n<meta property=\"og:site_name\" content=\"Monte Turri Arbatax\" \/>\n<meta property=\"article:modified_time\" content=\"2023-06-10T14:12:23+00:00\" \/>\n<meta name=\"twitter:card\" content=\"summary_large_image\" \/>\n<meta name=\"twitter:label1\" content=\"Dur\u00e9e de lecture estim\u00e9e\" \/>\n\t<meta name=\"twitter:data1\" content=\"1 minute\" \/>\n<script type=\"application\/ld+json\" class=\"yoast-schema-graph\">{\"@context\":\"https:\/\/schema.org\",\"@graph\":[{\"@type\":\"WebPage\",\"@id\":\"https:\/\/www.monteturri.com\/fr\/\",\"url\":\"https:\/\/www.monteturri.com\/fr\/\",\"name\":\"Monte Turri &#8211; Monte Turri Arbatax &#8211;\",\"isPartOf\":{\"@id\":\"https:\/\/www.monteturri.com\/fr\/#website\"},\"datePublished\":\"2023-01-12T10:05:34+00:00\",\"dateModified\":\"2023-06-10T14:12:23+00:00\",\"description\":\"L'h\u00f4tel Monte Turri est situ\u00e9 \u00e0 l'extr\u00e9mit\u00e9 la plus \u00e9lev\u00e9e de la colline de Capo Bellavista. Il est con\u00e7u et construit pour concilier beaut\u00e9 et authenticit\u00e9. Son \u00e9l\u00e9gance est rendue magique par de magnifiques terrasses donnant sur la mer, d'o\u00f9 vous pourrez admirer la c\u00f4te d'Ogliastra depuis un panorama tr\u00e8s \u00e9tonnant et \u00e0 couper le souffle. L'h\u00f4tel Monte Turri est parfait pour ceux qui souhaitent profiter et vivre des vacances dans une atmosph\u00e8re silencieuse et relaxante, avec \u00e9l\u00e9gance et confort, con\u00e7ue pour les couples et uniquement pour les adultes..\",\"breadcrumb\":{\"@id\":\"https:\/\/www.monteturri.com\/fr\/#breadcrumb\"},\"inLanguage\":\"fr-FR\",\"potentialAction\":[{\"@type\":\"ReadAction\",\"target\":[\"https:\/\/www.monteturri.com\/fr\/\"]}]},{\"@type\":\"BreadcrumbList\",\"@id\":\"https:\/\/www.monteturri.com\/fr\/#breadcrumb\",\"itemListElement\":[{\"@type\":\"ListItem\",\"position\":1,\"name\":\"Home\",\"item\":\"https:\/\/www.monteturri.com\/fr\/\"},{\"@type\":\"ListItem\",\"position\":2,\"name\":\"Monte Turri\"}]},{\"@type\":\"WebSite\",\"@id\":\"https:\/\/www.monteturri.com\/fr\/#website\",\"url\":\"https:\/\/www.monteturri.com\/fr\/\",\"name\":\"Monte Turri Arbatax\",\"description\":\"\",\"potentialAction\":[{\"@type\":\"SearchAction\",\"target\":{\"@type\":\"EntryPoint\",\"urlTemplate\":\"https:\/\/www.monteturri.com\/fr\/?s={search_term_string}\"},\"query-input\":{\"@type\":\"PropertyValueSpecification\",\"valueRequired\":true,\"valueName\":\"search_term_string\"}}],\"inLanguage\":\"fr-FR\"}]}<\/script>\n<!-- \/ Yoast SEO plugin. -->","yoast_head_json":{"title":"Monte Turri &#8211; Monte Turri Arbatax &#8211;","description":"L'h\u00f4tel Monte Turri est situ\u00e9 \u00e0 l'extr\u00e9mit\u00e9 la plus \u00e9lev\u00e9e de la colline de Capo Bellavista.  Il est con\u00e7u et construit pour concilier beaut\u00e9 et authenticit\u00e9.  Son \u00e9l\u00e9gance est rendue magique par de magnifiques terrasses donnant sur la mer, d'o\u00f9 vous pourrez admirer la c\u00f4te d'Ogliastra depuis un panorama tr\u00e8s \u00e9tonnant et \u00e0 couper le souffle.  L'h\u00f4tel Monte Turri est parfait pour ceux qui souhaitent profiter et vivre des vacances dans une atmosph\u00e8re silencieuse et relaxante, avec \u00e9l\u00e9gance et confort, con\u00e7ue pour les couples et uniquement pour les adultes..","robots":{"index":"index","follow":"follow","max-snippet":"max-snippet:-1","max-image-preview":"max-image-preview:large","max-video-preview":"max-video-preview:-1"},"canonical":"https:\/\/www.monteturri.com\/fr\/","og_locale":"fr_FR","og_type":"article","og_title":"Monte Turri &#8211; Monte Turri Arbatax &#8211;","og_description":"L'h\u00f4tel Monte Turri est situ\u00e9 \u00e0 l'extr\u00e9mit\u00e9 la plus \u00e9lev\u00e9e de la colline de Capo Bellavista.  Il est con\u00e7u et construit pour concilier beaut\u00e9 et authenticit\u00e9.  Son \u00e9l\u00e9gance est rendue magique par de magnifiques terrasses donnant sur la mer, d'o\u00f9 vous pourrez admirer la c\u00f4te d'Ogliastra depuis un panorama tr\u00e8s \u00e9tonnant et \u00e0 couper le souffle.  L'h\u00f4tel Monte Turri est parfait pour ceux qui souhaitent profiter et vivre des vacances dans une atmosph\u00e8re silencieuse et relaxante, avec \u00e9l\u00e9gance et confort, con\u00e7ue pour les couples et uniquement pour les adultes..","og_url":"https:\/\/www.monteturri.com\/fr\/","og_site_name":"Monte Turri Arbatax","article_modified_time":"2023-06-10T14:12:23+00:00","twitter_card":"summary_large_image","twitter_misc":{"Dur\u00e9e de lecture estim\u00e9e":"1 minute"},"schema":{"@context":"https:\/\/schema.org","@graph":[{"@type":"WebPage","@id":"https:\/\/www.monteturri.com\/fr\/","url":"https:\/\/www.monteturri.com\/fr\/","name":"Monte Turri &#8211; Monte Turri Arbatax &#8211;","isPartOf":{"@id":"https:\/\/www.monteturri.com\/fr\/#website"},"datePublished":"2023-01-12T10:05:34+00:00","dateModified":"2023-06-10T14:12:23+00:00","description":"L'h\u00f4tel Monte Turri est situ\u00e9 \u00e0 l'extr\u00e9mit\u00e9 la plus \u00e9lev\u00e9e de la colline de Capo Bellavista. Il est con\u00e7u et construit pour concilier beaut\u00e9 et authenticit\u00e9. Son \u00e9l\u00e9gance est rendue magique par de magnifiques terrasses donnant sur la mer, d'o\u00f9 vous pourrez admirer la c\u00f4te d'Ogliastra depuis un panorama tr\u00e8s \u00e9tonnant et \u00e0 couper le souffle. L'h\u00f4tel Monte Turri est parfait pour ceux qui souhaitent profiter et vivre des vacances dans une atmosph\u00e8re silencieuse et relaxante, avec \u00e9l\u00e9gance et confort, con\u00e7ue pour les couples et uniquement pour les adultes..","breadcrumb":{"@id":"https:\/\/www.monteturri.com\/fr\/#breadcrumb"},"inLanguage":"fr-FR","potentialAction":[{"@type":"ReadAction","target":["https:\/\/www.monteturri.com\/fr\/"]}]},{"@type":"BreadcrumbList","@id":"https:\/\/www.monteturri.com\/fr\/#breadcrumb","itemListElement":[{"@type":"ListItem","position":1,"name":"Home","item":"https:\/\/www.monteturri.com\/fr\/"},{"@type":"ListItem","position":2,"name":"Monte Turri"}]},{"@type":"WebSite","@id":"https:\/\/www.monteturri.com\/fr\/#website","url":"https:\/\/www.monteturri.com\/fr\/","name":"Monte Turri Arbatax","description":"","potentialAction":[{"@type":"SearchAction","target":{"@type":"EntryPoint","urlTemplate":"https:\/\/www.monteturri.com\/fr\/?s={search_term_string}"},"query-input":{"@type":"PropertyValueSpecification","valueRequired":true,"valueName":"search_term_string"}}],"inLanguage":"fr-FR"}]}},"acf":[],"_links":{"self":[{"href":"https:\/\/www.monteturri.com\/fr\/wp-json\/wp\/v2\/pages\/4","targetHints":{"allow":["GET"]}}],"collection":[{"href":"https:\/\/www.monteturri.com\/fr\/wp-json\/wp\/v2\/pages"}],"about":[{"href":"https:\/\/www.monteturri.com\/fr\/wp-json\/wp\/v2\/types\/page"}],"author":[{"embeddable":true,"href":"https:\/\/www.monteturri.com\/fr\/wp-json\/wp\/v2\/users\/7"}],"replies":[{"embeddable":true,"href":"https:\/\/www.monteturri.com\/fr\/wp-json\/wp\/v2\/comments?post=4"}],"version-history":[{"count":0,"href":"https:\/\/www.monteturri.com\/fr\/wp-json\/wp\/v2\/pages\/4\/revisions"}],"wp:attachment":[{"href":"https:\/\/www.monteturri.com\/fr\/wp-json\/wp\/v2\/media?parent=4"}],"curies":[{"name":"wp","href":"https:\/\/api.w.org\/{rel}","templated":true}]}}